{"id":759,"date":"2021-11-22T16:19:46","date_gmt":"2021-11-22T15:19:46","guid":{"rendered":"http:\/\/flttorniture.ch\/wordpress\/?page_id=759"},"modified":"2022-01-28T16:39:30","modified_gmt":"2022-01-28T15:39:30","slug":"i-miei-lavori","status":"publish","type":"page","link":"http:\/\/flttorniture.ch\/wordpress\/i-miei-lavori\/","title":{"rendered":"I miei Lavori"},"content":{"rendered":"\t\t<div data-elementor-type=\"wp-page\" data-elementor-id=\"759\" class=\"elementor elementor-759\">\n\t\t\t\t\t\t<section class=\"elementor-section elementor-top-section elementor-element elementor-element-c8c8f6c elementor-section-boxed elementor-section-height-default elementor-section-height-default\" data-id=\"c8c8f6c\" data-element_type=\"section\">\n\t\t\t\t\t\t<div class=\"elementor-container elementor-column-gap-default\">\n\t\t\t\t\t<div class=\"elementor-column elementor-col-100 elementor-top-column elementor-element elementor-element-ca52666\" data-id=\"ca52666\" data-element_type=\"column\">\n\t\t\t<div class=\"elementor-widget-wrap elementor-element-populated\">\n\t\t\t\t\t\t<div class=\"elementor-element elementor-element-97a51ed elementor-widget elementor-widget-text-editor\" data-id=\"97a51ed\" data-element_type=\"widget\" data-widget_type=\"text-editor.default\">\n\t\t\t\t<div class=\"elementor-widget-container\">\n\t\t\t\t\t\t\t\t\t<p><strong><em>I miei lavori, \u00a0generalmente, nascono da progetti. Li disegno, dedicandomici ogni volta che mi sento ispirato da qualcosa. Da ci\u00f2 che vedo, da quel che leggo e mi colpisce particolarmente. A volte sono lavori di emulazione perch\u00e9 a mia volta affascinato da qualcosa che richiama una mia sensazione. Il lavoro manuale, con le sue varianti e tecniche, \u00e8 solo il mezzo necessario ad \u00a0allineare ci\u00f2 che ho in mente con ci\u00f2 che poi uscir\u00e0 dal legno in lavorazione.<\/em><\/strong><\/p>\t\t\t\t\t\t\t\t<\/div>\n\t\t\t\t<\/div>\n\t\t\t\t\t<\/div>\n\t\t<\/div>\n\t\t\t\t\t<\/div>\n\t\t<\/section>\n\t\t\t\t<section class=\"elementor-section elementor-top-section elementor-element elementor-element-7c14bd9 elementor-section-boxed elementor-section-height-default elementor-section-height-default\" data-id=\"7c14bd9\" data-element_type=\"section\">\n\t\t\t\t\t\t<div class=\"elementor-container elementor-column-gap-default\">\n\t\t\t\t\t<div class=\"elementor-column elementor-col-33 elementor-top-column elementor-element elementor-element-102df7e\" data-id=\"102df7e\" data-element_type=\"column\">\n\t\t\t<div class=\"elementor-widget-wrap elementor-element-populated\">\n\t\t\t\t\t\t<div class=\"elementor-element elementor-element-74b01af elementor-widget elementor-widget-spacer\" data-id=\"74b01af\" data-element_type=\"widget\" data-widget_type=\"spacer.default\">\n\t\t\t\t<div class=\"elementor-widget-container\">\n\t\t\t\t\t\t\t<div class=\"elementor-spacer\">\n\t\t\t<div class=\"elementor-spacer-inner\"><\/div>\n\t\t<\/div>\n\t\t\t\t\t\t<\/div>\n\t\t\t\t<\/div>\n\t\t\t\t<div class=\"elementor-element elementor-element-de2d14d elementor-widget elementor-widget-image\" data-id=\"de2d14d\" data-element_type=\"widget\" data-widget_type=\"image.default\">\n\t\t\t\t<div class=\"elementor-widget-container\">\n\t\t\t\t\t\t\t\t\t\t\t\t\t\t\t\t<a href=\"http:\/\/flttorniture.ch\/wordpress\/il-mio-carving\/\">\n\t\t\t\t\t\t\t<img fetchpriority=\"high\" decoding=\"async\" width=\"1024\" height=\"683\" src=\"http:\/\/flttorniture.ch\/wordpress\/wp-content\/uploads\/2019\/04\/IMG_5271-1024x683.jpg\" class=\"attachment-large size-large wp-image-675\" alt=\"\" srcset=\"http:\/\/flttorniture.ch\/wordpress\/wp-content\/uploads\/2019\/04\/IMG_5271-1024x683.jpg 1024w, http:\/\/flttorniture.ch\/wordpress\/wp-content\/uploads\/2019\/04\/IMG_5271-300x200.jpg 300w, http:\/\/flttorniture.ch\/wordpress\/wp-content\/uploads\/2019\/04\/IMG_5271-768x512.jpg 768w, http:\/\/flttorniture.ch\/wordpress\/wp-content\/uploads\/2019\/04\/IMG_5271-830x553.jpg 830w, http:\/\/flttorniture.ch\/wordpress\/wp-content\/uploads\/2019\/04\/IMG_5271-230x153.jpg 230w, http:\/\/flttorniture.ch\/wordpress\/wp-content\/uploads\/2019\/04\/IMG_5271-350x233.jpg 350w, http:\/\/flttorniture.ch\/wordpress\/wp-content\/uploads\/2019\/04\/IMG_5271-480x320.jpg 480w\" sizes=\"(max-width: 1024px) 100vw, 1024px\" \/>\t\t\t\t\t\t\t\t<\/a>\n\t\t\t\t\t\t\t\t\t\t\t\t\t\t\t<\/div>\n\t\t\t\t<\/div>\n\t\t\t\t<div class=\"elementor-element elementor-element-79e04e7 elementor-widget elementor-widget-heading\" data-id=\"79e04e7\" data-element_type=\"widget\" data-widget_type=\"heading.default\">\n\t\t\t\t<div class=\"elementor-widget-container\">\n\t\t\t\t\t<h6 class=\"elementor-heading-title elementor-size-default\"><a href=\"http:\/\/flttorniture.ch\/wordpress\/il-mio-carving\/\">Carving<\/a><\/h6>\t\t\t\t<\/div>\n\t\t\t\t<\/div>\n\t\t\t\t\t<\/div>\n\t\t<\/div>\n\t\t\t\t<div class=\"elementor-column elementor-col-33 elementor-top-column elementor-element elementor-element-608ed5f\" data-id=\"608ed5f\" data-element_type=\"column\">\n\t\t\t<div class=\"elementor-widget-wrap elementor-element-populated\">\n\t\t\t\t\t\t<div class=\"elementor-element elementor-element-3964a88 elementor-widget elementor-widget-spacer\" data-id=\"3964a88\" data-element_type=\"widget\" data-widget_type=\"spacer.default\">\n\t\t\t\t<div class=\"elementor-widget-container\">\n\t\t\t\t\t\t\t<div class=\"elementor-spacer\">\n\t\t\t<div class=\"elementor-spacer-inner\"><\/div>\n\t\t<\/div>\n\t\t\t\t\t\t<\/div>\n\t\t\t\t<\/div>\n\t\t\t\t<div class=\"elementor-element elementor-element-908df57 elementor-widget elementor-widget-image\" data-id=\"908df57\" data-element_type=\"widget\" data-widget_type=\"image.default\">\n\t\t\t\t<div class=\"elementor-widget-container\">\n\t\t\t\t\t\t\t\t\t\t\t\t\t\t\t\t<a href=\"http:\/\/flttorniture.ch\/wordpress\/tornitura-classica\/\">\n\t\t\t\t\t\t\t<img decoding=\"async\" width=\"1024\" height=\"1024\" src=\"http:\/\/flttorniture.ch\/wordpress\/wp-content\/uploads\/2018\/06\/588E5B5E-0581-42A4-A60D-32BDD4F77864-1024x1024.jpeg\" class=\"attachment-large size-large wp-image-543\" alt=\"\" srcset=\"http:\/\/flttorniture.ch\/wordpress\/wp-content\/uploads\/2018\/06\/588E5B5E-0581-42A4-A60D-32BDD4F77864-1024x1024.jpeg 1024w, http:\/\/flttorniture.ch\/wordpress\/wp-content\/uploads\/2018\/06\/588E5B5E-0581-42A4-A60D-32BDD4F77864-150x150.jpeg 150w, http:\/\/flttorniture.ch\/wordpress\/wp-content\/uploads\/2018\/06\/588E5B5E-0581-42A4-A60D-32BDD4F77864-300x300.jpeg 300w, http:\/\/flttorniture.ch\/wordpress\/wp-content\/uploads\/2018\/06\/588E5B5E-0581-42A4-A60D-32BDD4F77864-768x768.jpeg 768w, http:\/\/flttorniture.ch\/wordpress\/wp-content\/uploads\/2018\/06\/588E5B5E-0581-42A4-A60D-32BDD4F77864-500x500.jpeg 500w, http:\/\/flttorniture.ch\/wordpress\/wp-content\/uploads\/2018\/06\/588E5B5E-0581-42A4-A60D-32BDD4F77864-400x400.jpeg 400w, http:\/\/flttorniture.ch\/wordpress\/wp-content\/uploads\/2018\/06\/588E5B5E-0581-42A4-A60D-32BDD4F77864-830x830.jpeg 830w, http:\/\/flttorniture.ch\/wordpress\/wp-content\/uploads\/2018\/06\/588E5B5E-0581-42A4-A60D-32BDD4F77864-230x230.jpeg 230w, http:\/\/flttorniture.ch\/wordpress\/wp-content\/uploads\/2018\/06\/588E5B5E-0581-42A4-A60D-32BDD4F77864-350x350.jpeg 350w, http:\/\/flttorniture.ch\/wordpress\/wp-content\/uploads\/2018\/06\/588E5B5E-0581-42A4-A60D-32BDD4F77864-480x480.jpeg 480w, http:\/\/flttorniture.ch\/wordpress\/wp-content\/uploads\/2018\/06\/588E5B5E-0581-42A4-A60D-32BDD4F77864.jpeg 1080w\" sizes=\"(max-width: 1024px) 100vw, 1024px\" \/>\t\t\t\t\t\t\t\t<\/a>\n\t\t\t\t\t\t\t\t\t\t\t\t\t\t\t<\/div>\n\t\t\t\t<\/div>\n\t\t\t\t<div class=\"elementor-element elementor-element-7aaf442 elementor-widget elementor-widget-heading\" data-id=\"7aaf442\" data-element_type=\"widget\" data-widget_type=\"heading.default\">\n\t\t\t\t<div class=\"elementor-widget-container\">\n\t\t\t\t\t<h6 class=\"elementor-heading-title elementor-size-default\"><a href=\"http:\/\/flttorniture.ch\/wordpress\/tornitura-classica\/\">Classica<\/a><\/h6>\t\t\t\t<\/div>\n\t\t\t\t<\/div>\n\t\t\t\t\t<\/div>\n\t\t<\/div>\n\t\t\t\t<div class=\"elementor-column elementor-col-33 elementor-top-column elementor-element elementor-element-9449687\" data-id=\"9449687\" data-element_type=\"column\">\n\t\t\t<div class=\"elementor-widget-wrap elementor-element-populated\">\n\t\t\t\t\t\t<div class=\"elementor-element elementor-element-fc19643 elementor-widget elementor-widget-image\" data-id=\"fc19643\" data-element_type=\"widget\" data-widget_type=\"image.default\">\n\t\t\t\t<div class=\"elementor-widget-container\">\n\t\t\t\t\t\t\t\t\t\t\t\t\t\t\t\t<a href=\"http:\/\/flttorniture.ch\/wordpress\/giocando-con-i-colori\/\">\n\t\t\t\t\t\t\t<img decoding=\"async\" width=\"683\" height=\"1024\" src=\"http:\/\/flttorniture.ch\/wordpress\/wp-content\/uploads\/2019\/04\/30EF8350-4055-4111-813F-B9222D43AD78-683x1024.jpeg\" class=\"attachment-large size-large wp-image-726\" alt=\"\" srcset=\"http:\/\/flttorniture.ch\/wordpress\/wp-content\/uploads\/2019\/04\/30EF8350-4055-4111-813F-B9222D43AD78-683x1024.jpeg 683w, http:\/\/flttorniture.ch\/wordpress\/wp-content\/uploads\/2019\/04\/30EF8350-4055-4111-813F-B9222D43AD78-200x300.jpeg 200w, http:\/\/flttorniture.ch\/wordpress\/wp-content\/uploads\/2019\/04\/30EF8350-4055-4111-813F-B9222D43AD78-768x1152.jpeg 768w, http:\/\/flttorniture.ch\/wordpress\/wp-content\/uploads\/2019\/04\/30EF8350-4055-4111-813F-B9222D43AD78-1024x1536.jpeg 1024w, http:\/\/flttorniture.ch\/wordpress\/wp-content\/uploads\/2019\/04\/30EF8350-4055-4111-813F-B9222D43AD78-1365x2048.jpeg 1365w, http:\/\/flttorniture.ch\/wordpress\/wp-content\/uploads\/2019\/04\/30EF8350-4055-4111-813F-B9222D43AD78-830x1245.jpeg 830w, http:\/\/flttorniture.ch\/wordpress\/wp-content\/uploads\/2019\/04\/30EF8350-4055-4111-813F-B9222D43AD78-230x345.jpeg 230w, http:\/\/flttorniture.ch\/wordpress\/wp-content\/uploads\/2019\/04\/30EF8350-4055-4111-813F-B9222D43AD78-350x525.jpeg 350w, http:\/\/flttorniture.ch\/wordpress\/wp-content\/uploads\/2019\/04\/30EF8350-4055-4111-813F-B9222D43AD78-480x720.jpeg 480w, http:\/\/flttorniture.ch\/wordpress\/wp-content\/uploads\/2019\/04\/30EF8350-4055-4111-813F-B9222D43AD78-scaled.jpeg 1707w\" sizes=\"(max-width: 683px) 100vw, 683px\" \/>\t\t\t\t\t\t\t\t<\/a>\n\t\t\t\t\t\t\t\t\t\t\t\t\t\t\t<\/div>\n\t\t\t\t<\/div>\n\t\t\t\t<div class=\"elementor-element elementor-element-50890e4 elementor-widget elementor-widget-heading\" data-id=\"50890e4\" data-element_type=\"widget\" data-widget_type=\"heading.default\">\n\t\t\t\t<div class=\"elementor-widget-container\">\n\t\t\t\t\t<h6 class=\"elementor-heading-title elementor-size-default\">Colori<\/h6>\t\t\t\t<\/div>\n\t\t\t\t<\/div>\n\t\t\t\t\t<\/div>\n\t\t<\/div>\n\t\t\t\t\t<\/div>\n\t\t<\/section>\n\t\t\t\t<\/div>\n\t\t","protected":false},"excerpt":{"rendered":"<p>I miei lavori, \u00a0generalmente, nascono da progetti. Li disegno, dedicandomici ogni volta che mi [&hellip;]<\/p>\n","protected":false},"author":1,"featured_media":0,"parent":0,"menu_order":0,"comment_status":"closed","ping_status":"closed","template":"","meta":{"footnotes":""},"_links":{"self":[{"href":"http:\/\/flttorniture.ch\/wordpress\/wp-json\/wp\/v2\/pages\/759"}],"collection":[{"href":"http:\/\/flttorniture.ch\/wordpress\/wp-json\/wp\/v2\/pages"}],"about":[{"href":"http:\/\/flttorniture.ch\/wordpress\/wp-json\/wp\/v2\/types\/page"}],"author":[{"embeddable":true,"href":"http:\/\/flttorniture.ch\/wordpress\/wp-json\/wp\/v2\/users\/1"}],"replies":[{"embeddable":true,"href":"http:\/\/flttorniture.ch\/wordpress\/wp-json\/wp\/v2\/comments?post=759"}],"version-history":[{"count":36,"href":"http:\/\/flttorniture.ch\/wordpress\/wp-json\/wp\/v2\/pages\/759\/revisions"}],"predecessor-version":[{"id":1278,"href":"http:\/\/flttorniture.ch\/wordpress\/wp-json\/wp\/v2\/pages\/759\/revisions\/1278"}],"wp:attachment":[{"href":"http:\/\/flttorniture.ch\/wordpress\/wp-json\/wp\/v2\/media?parent=759"}],"curies":[{"name":"wp","href":"https:\/\/api.w.org\/{rel}","templated":true}]}}